{"id":11,"date":"2022-11-08T12:17:46","date_gmt":"2022-11-08T12:17:46","guid":{"rendered":"https:\/\/talouspalveluthe.fi\/?page_id=11"},"modified":"2023-02-28T22:19:01","modified_gmt":"2023-02-28T22:19:01","slug":"ota-yhteytta","status":"publish","type":"page","link":"https:\/\/talouspalveluthe.fi\/index.php\/ota-yhteytta\/","title":{"rendered":"Ota yhteytt\u00e4"},"content":{"rendered":"\n<div class=\"is-layout-constrained wp-block-group palvelut\">\n<h2 class=\"has-text-align-center has-system-font-font-family has-x-large-font-size\" style=\"font-style:normal;font-weight:700\">Onko sinulla kysytt\u00e4v\u00e4\u00e4? Ota yhteytt\u00e4!<\/h2>\n\n\n\n<p class=\"has-text-align-center\">Vastaamme mielell\u00e4mme kaikkiin kysymyksiisi. Kaikesta voimme neuvotella.<\/p>\n\n\n\n<p class=\"has-text-align-center\"><a href=\"mailto:info@talouspalveluthe.fi\">info@talouspalveluthe.fi<\/a><\/p>\n\n\n\n<div class=\"is-layout-constrained wp-block-group alignwide\">\n<div class=\"is-layout-flex wp-container-2 wp-block-columns alignwide\">\n<div class=\"is-layout-flow wp-block-column is-vertically-aligned-top\"><\/div>\n<\/div>\n<\/div>\n\n\n\n<figure class=\"wp-block-image aligncenter size-full is-resized\"><img decoding=\"async\" loading=\"lazy\" src=\"https:\/\/talouspalveluthe.fi\/wp-content\/uploads\/2022\/12\/yrityksesta_kuva1.png\" alt=\"\" class=\"wp-image-466\" width=\"433\" height=\"391\" srcset=\"https:\/\/talouspalveluthe.fi\/wp-content\/uploads\/2022\/12\/yrityksesta_kuva1.png 725w, https:\/\/talouspalveluthe.fi\/wp-content\/uploads\/2022\/12\/yrityksesta_kuva1-300x271.png 300w\" sizes=\"(max-width: 433px) 100vw, 433px\" \/><\/figure>\n<\/div>\n","protected":false},"excerpt":{"rendered":"","protected":false},"author":1,"featured_media":0,"parent":0,"menu_order":0,"comment_status":"closed","ping_status":"closed","template":"","meta":[],"_links":{"self":[{"href":"https:\/\/talouspalveluthe.fi\/index.php\/wp-json\/wp\/v2\/pages\/11"}],"collection":[{"href":"https:\/\/talouspalveluthe.fi\/index.php\/wp-json\/wp\/v2\/pages"}],"about":[{"href":"https:\/\/talouspalveluthe.fi\/index.php\/wp-json\/wp\/v2\/types\/page"}],"author":[{"embeddable":true,"href":"https:\/\/talouspalveluthe.fi\/index.php\/wp-json\/wp\/v2\/users\/1"}],"replies":[{"embeddable":true,"href":"https:\/\/talouspalveluthe.fi\/index.php\/wp-json\/wp\/v2\/comments?post=11"}],"version-history":[{"count":5,"href":"https:\/\/talouspalveluthe.fi\/index.php\/wp-json\/wp\/v2\/pages\/11\/revisions"}],"predecessor-version":[{"id":652,"href":"https:\/\/talouspalveluthe.fi\/index.php\/wp-json\/wp\/v2\/pages\/11\/revisions\/652"}],"wp:attachment":[{"href":"https:\/\/talouspalveluthe.fi\/index.php\/wp-json\/wp\/v2\/media?parent=11"}],"curies":[{"name":"wp","href":"https:\/\/api.w.org\/{rel}","templated":true}]}}