{"id":10,"date":"2022-11-08T12:17:46","date_gmt":"2022-11-08T12:17:46","guid":{"rendered":"https:\/\/talouspalveluthe.fi\/?page_id=10"},"modified":"2022-12-18T12:12:43","modified_gmt":"2022-12-18T12:12:43","slug":"tietoja","status":"publish","type":"page","link":"https:\/\/talouspalveluthe.fi\/index.php\/tietoja\/","title":{"rendered":"Yrityksest\u00e4"},"content":{"rendered":"\n<div class=\"is-layout-constrained wp-block-group alignwide\">\n<div class=\"is-layout-flex wp-container-4 wp-block-columns alignwide tarinamme\">\n<div class=\"is-layout-flow wp-block-column\" style=\"flex-basis:50%\">\n<div class=\"is-layout-constrained wp-block-group\">\n<h2 class=\"has-system-font-font-family has-x-large-font-size\" style=\"font-style:normal;font-weight:700\">Tarinamme<\/h2>\n\n\n\n<p>Talouspalvelut HE sai alkunsa vuonna 2020 Helsingiss\u00e4. Olemme taloushallinnon ammattilaisia, joille niin taloushallinto kuin liiketoiminnan kehitt\u00e4minenkin ovat syd\u00e4men asia. Haluamme tarjota asiakkaillemme aidosti arkea helpottavaa ja ajantasaista tukea yrityksen rahavirtojen hallinnointiin. Pienyritysten maailma on meille tuttu. Olemme pieni ja siksi ketter\u00e4 tilitoimisto. HE Tilitoimisto on v\u00e4lit\u00f6nt\u00e4 yhteydenpitoa arvostavalle asiantunteva taloushallinnon kumppani.<\/p>\n\n\n\n<p>Moderni taloushallinto on se, jonka nimeen vannomme. K\u00e4yt\u00e4mme alan johtavaa ProCountor-ohjelmistoa. Sen avulla taloustiedot l\u00f6ytyv\u00e4t k\u00e4tev\u00e4sti verkosta, josta tietoa on edelleen helppo k\u00e4sitell\u00e4 ja jakaa niin HE-tiimillemme kuin asiakkaillemmekin. Alan lains\u00e4\u00e4d\u00e4nt\u00f6 kehittyy jatkuvasti, ja sen mukaan my\u00f6s p\u00e4ivit\u00e4mme tietotasoamme, jotta voimme tarjota asiakkaillemme ajantasaista palvelua.<\/p>\n<\/div>\n<\/div>\n\n\n\n<div class=\"is-layout-flow wp-block-column is-vertically-aligned-center\" style=\"flex-basis:50%\">\n<figure class=\"wp-block-image size-full\"><img decoding=\"async\" loading=\"lazy\" width=\"725\" height=\"655\" src=\"https:\/\/talouspalveluthe.fi\/wp-content\/uploads\/2022\/12\/yrityksesta_kuva1.png\" alt=\"\" class=\"wp-image-466\" srcset=\"https:\/\/talouspalveluthe.fi\/wp-content\/uploads\/2022\/12\/yrityksesta_kuva1.png 725w, https:\/\/talouspalveluthe.fi\/wp-content\/uploads\/2022\/12\/yrityksesta_kuva1-300x271.png 300w\" sizes=\"(max-width: 725px) 100vw, 725px\" \/><\/figure>\n<\/div>\n<\/div>\n<\/div>\n\n\n\n<div style=\"height:25px\" aria-hidden=\"true\" class=\"wp-block-spacer\"><\/div>\n\n\n\n<h2 class=\"has-text-align-center has-system-font-font-family has-x-large-font-size\" style=\"font-style:normal;font-weight:700\">Tavoitteemme<\/h2>\n\n\n\n<div class=\"is-layout-constrained wp-block-group\">\n<div class=\"is-layout-flex wp-container-12 wp-block-columns alignwide\">\n<div class=\"is-layout-flow wp-block-column\">\n<div class=\"is-layout-constrained wp-block-group\">\n<figure class=\"wp-block-image aligncenter size-full is-resized\"><img decoding=\"async\" loading=\"lazy\" src=\"https:\/\/talouspalveluthe.fi\/wp-content\/uploads\/2022\/12\/yrityksesta_tavoitteet.png\" alt=\"\" class=\"wp-image-425\" width=\"216\" height=\"216\" srcset=\"https:\/\/talouspalveluthe.fi\/wp-content\/uploads\/2022\/12\/yrityksesta_tavoitteet.png 288w, https:\/\/talouspalveluthe.fi\/wp-content\/uploads\/2022\/12\/yrityksesta_tavoitteet-150x150.png 150w\" sizes=\"(max-width: 216px) 100vw, 216px\" \/><\/figure>\n\n\n\n<h2 class=\"has-text-align-center has-system-font-font-family has-medium-font-size\" style=\"font-style:normal;font-weight:700\">L\u00e4hestytt\u00e4vyys<\/h2>\n\n\n\n<p>Pienen\u00e4 tilitoimistona tarjoamme henkil\u00f6kohtaista palvelua. R\u00e4\u00e4t\u00e4l\u00f6imme yhdess\u00e4 asiakkaamme kanssa juuri heid\u00e4n tarpeisiinsa parhaiten soveltuvan paketin.<\/p>\n<\/div>\n<\/div>\n\n\n\n<div class=\"is-layout-flow wp-block-column\">\n<div class=\"is-layout-constrained wp-block-group\">\n<figure class=\"wp-block-image aligncenter size-full is-resized\"><img decoding=\"async\" loading=\"lazy\" src=\"https:\/\/talouspalveluthe.fi\/wp-content\/uploads\/2022\/12\/yrityksesta_tavoitteet.png\" alt=\"\" class=\"wp-image-425\" width=\"216\" height=\"216\" srcset=\"https:\/\/talouspalveluthe.fi\/wp-content\/uploads\/2022\/12\/yrityksesta_tavoitteet.png 288w, https:\/\/talouspalveluthe.fi\/wp-content\/uploads\/2022\/12\/yrityksesta_tavoitteet-150x150.png 150w\" sizes=\"(max-width: 216px) 100vw, 216px\" \/><\/figure>\n\n\n\n<p class=\"has-text-align-center has-system-font-font-family has-medium-font-size\" style=\"font-style:normal;font-weight:700\">Luotettava tuki<\/p>\n\n\n\n<p>Talouspalvelut HE auttaa yrityst\u00e4 kokonisvaltaisesti ja koko elinkaaren ajan aina perustamisesta l\u00e4htien. Meihin voit luottaa, sill\u00e4 kouluttaudumme ammatillisesti jatkuvasti lis\u00e4\u00e4.<\/p>\n<\/div>\n<\/div>\n\n\n\n<div class=\"is-layout-flow wp-block-column\">\n<div class=\"is-layout-constrained wp-block-group\">\n<figure class=\"wp-block-image aligncenter size-full is-resized\"><img decoding=\"async\" loading=\"lazy\" src=\"https:\/\/talouspalveluthe.fi\/wp-content\/uploads\/2022\/12\/yrityksesta_tavoitteet.png\" alt=\"\" class=\"wp-image-425\" width=\"216\" height=\"216\" srcset=\"https:\/\/talouspalveluthe.fi\/wp-content\/uploads\/2022\/12\/yrityksesta_tavoitteet.png 288w, https:\/\/talouspalveluthe.fi\/wp-content\/uploads\/2022\/12\/yrityksesta_tavoitteet-150x150.png 150w\" sizes=\"(max-width: 216px) 100vw, 216px\" \/><\/figure>\n\n\n\n<h2 class=\"has-text-align-center has-system-font-font-family has-medium-font-size\" style=\"font-style:normal;font-weight:700\">Ydinosaaminen<\/h2>\n\n\n\n<p>Haluamme vapauttaa asiakkaamme k\u00e4det ja p\u00e4\u00e4st\u00e4\u00e4 h\u00e4net keskittym\u00e4\u00e4n ydinosaamiseensa. Pienen\u00e4 tilitoimistona itsekin ymm\u00e4rr\u00e4mme, ett\u00e4 yritt\u00e4j\u00e4n arki on kiireen t\u00e4yteinen.<\/p>\n<\/div>\n<\/div>\n<\/div>\n<\/div>\n\n\n\n<div style=\"height:25px\" aria-hidden=\"true\" class=\"wp-block-spacer\"><\/div>\n\n\n\n<div class=\"is-layout-constrained wp-block-group alignfull kustannustehokas\">\n<div style=\"height:100px\" aria-hidden=\"true\" class=\"wp-block-spacer\"><\/div>\n\n\n\n<h2 class=\"has-text-align-center has-system-font-font-family has-medium-font-size\" style=\"font-style:normal;font-weight:700\">Talouspalvelut HE oy<\/h2>\n\n\n\n<h2 class=\"has-text-align-center has-system-font-font-family has-x-large-font-size\" style=\"font-style:normal;font-weight:700\">Kustannustehokasta kirjanpitoa liiketoiminnan tueksi<\/h2>\n\n\n\n<div style=\"height:150px\" aria-hidden=\"true\" class=\"wp-block-spacer\"><\/div>\n<\/div>\n","protected":false},"excerpt":{"rendered":"<p>Tarinamme Talouspalvelut HE sai alkunsa vuonna 2020 Helsingiss\u00e4. Olemme taloushallinnon ammattilaisia, joille niin taloushallinto kuin liiketoiminnan kehitt\u00e4minenkin ovat syd\u00e4men asia. Haluamme tarjota asiakkaillemme aidosti arkea helpottavaa ja ajantasaista tukea yrityksen rahavirtojen hallinnointiin. Pienyritysten maailma on meille tuttu. Olemme pieni ja siksi ketter\u00e4 tilitoimisto. HE Tilitoimisto on v\u00e4lit\u00f6nt\u00e4 yhteydenpitoa arvostavalle asiantunteva taloushallinnon kumppani. Moderni taloushallinto on [&hellip;]<\/p>\n","protected":false},"author":1,"featured_media":0,"parent":0,"menu_order":0,"comment_status":"closed","ping_status":"closed","template":"","meta":[],"_links":{"self":[{"href":"https:\/\/talouspalveluthe.fi\/index.php\/wp-json\/wp\/v2\/pages\/10"}],"collection":[{"href":"https:\/\/talouspalveluthe.fi\/index.php\/wp-json\/wp\/v2\/pages"}],"about":[{"href":"https:\/\/talouspalveluthe.fi\/index.php\/wp-json\/wp\/v2\/types\/page"}],"author":[{"embeddable":true,"href":"https:\/\/talouspalveluthe.fi\/index.php\/wp-json\/wp\/v2\/users\/1"}],"replies":[{"embeddable":true,"href":"https:\/\/talouspalveluthe.fi\/index.php\/wp-json\/wp\/v2\/comments?post=10"}],"version-history":[{"count":34,"href":"https:\/\/talouspalveluthe.fi\/index.php\/wp-json\/wp\/v2\/pages\/10\/revisions"}],"predecessor-version":[{"id":645,"href":"https:\/\/talouspalveluthe.fi\/index.php\/wp-json\/wp\/v2\/pages\/10\/revisions\/645"}],"wp:attachment":[{"href":"https:\/\/talouspalveluthe.fi\/index.php\/wp-json\/wp\/v2\/media?parent=10"}],"curies":[{"name":"wp","href":"https:\/\/api.w.org\/{rel}","templated":true}]}}